{"id":9,"date":"2013-08-04T21:14:17","date_gmt":"2013-08-04T21:14:17","guid":{"rendered":"http:\/\/www.exaedroarquitectura.com\/?page_id=9"},"modified":"2024-09-10T20:10:28","modified_gmt":"2024-09-10T20:10:28","slug":"presentacion","status":"publish","type":"page","link":"https:\/\/www.exaedroarquitectura.com\/?page_id=9","title":{"rendered":"Presentaci\u00f3n"},"content":{"rendered":"<p><strong>Exaedro Arquitectura y Urbanismo S.A.S.<\/strong><\/p>\n<p>Fundada en 1993 por Juana Isabel Gonz\u00e1lez y Jos\u00e9 Fernando \u00c1ngel arquitectos; se ha dedicado a la promoci\u00f3n de proyectos inmobiliarios,\u00a0 a la consultor\u00eda urban\u00edstica y al dise\u00f1o arquitect\u00f3nico y urbano.<\/p>\n<p>Hoy su equipo humano con m\u00e1s de 35 a\u00f1os de experiencia se ha fortalecido tambi\u00e9n en proyectos de obra p\u00fablica, con experiencia en el dise\u00f1o del espacio, el equipamiento y el transporte p\u00fablico.<\/p>\n<p>La firma ha fortalecido su portafolio de servicios con el desarrollo de Planes Parciales, Proyectos Urban\u00edsticos Generales (PUG) y \u00c1reas de protecci\u00f3n de Infraestructura, (API), concibiendo el proyecto urbano inscrito en el entorno, con visi\u00f3n amplia en el tiempo y en el espacio, atendiendo los requerimientos medio ambientales.<\/p>\n<p>Desarrollamos complementariamente los repartos de Cargas y beneficios, las simulaciones econ\u00f3micas y financieras as\u00ed como los decretos correspondientes.<\/p>\n<p>El enfoque para el dise\u00f1o es el de un\u00a0 proceso integral, partiendo de un an\u00e1lisis multidisciplinario basado en las necesidades y aspiraciones de las comunidades usuarias y clientes, dentro de las posibilidades econ\u00f3micas y tecnol\u00f3gicas del medio; con realismo e innovaci\u00f3n.<\/p>\n<p><strong>Arq. Jos\u00e9 Fernando \u00c1ngel\u00a0 \u00a0 \u00a0 \u00a0 \u00a0 \u00a0 \u00a0 \u00a0 \u00a0 \u00a0 \u00a0 \u00a0 \u00a0 \u00a0 \u00a0 \u00a0 \u00a0 \u00a0 \u00a0 \u00a0 \u00a0 \u00a0 \u00a0 \u00a0 \u00a0 \u00a0 \u00a0 \u00a0 \u00a0 \u00a0 \u00a0 \u00a0 \u00a0 \u00a0 \u00a0 \u00a0 \u00a0 \u00a0 \u00a0 \u00a0 \u00a0 \u00a0 \u00a0 \u00a0 \u00a0 \u00a0 \u00a0 \u00a0 \u00a0 \u00a0 \u00a0 \u00a0 \u00a0 \u00a0 \u00a0 \u00a0 \u00a0 \u00a0 \u00a0 \u00a0 \u00a0 \u00a0 \u00a0 <\/strong><strong>Arq. Juana Isabel Gonz\u00e1lez<\/strong><\/p>\n<p>Carrera 42B #23 A Sur 60 of. 202 Envigado &#8211; Antioquia &#8211; Colombia<br \/>\nTel\u00e9fono PBX: 333.39.93<br \/>\nEmail: exaedrotaller@gmail.com &#8211; arquitectura@exaedroarquitectura.com<\/p>\n<p><a href=\"http:\/\/www.exaedroarquitectura.com\/?attachment_id=946\"><img loading=\"lazy\" decoding=\"async\" class=\"alignnone wp-image-946 size-large\" src=\"http:\/\/www.exaedroarquitectura.com\/wp-content\/uploads\/2019\/01\/IMAGENES-PRESENTACION-WEB--1024x169.jpg\" alt=\"\" width=\"760\" height=\"125\" srcset=\"https:\/\/www.exaedroarquitectura.com\/wp-content\/uploads\/2019\/01\/IMAGENES-PRESENTACION-WEB--1024x169.jpg 1024w, https:\/\/www.exaedroarquitectura.com\/wp-content\/uploads\/2019\/01\/IMAGENES-PRESENTACION-WEB--300x50.jpg 300w, https:\/\/www.exaedroarquitectura.com\/wp-content\/uploads\/2019\/01\/IMAGENES-PRESENTACION-WEB--768x127.jpg 768w, https:\/\/www.exaedroarquitectura.com\/wp-content\/uploads\/2019\/01\/IMAGENES-PRESENTACION-WEB-.jpg 2000w\" sizes=\"auto, (max-width: 760px) 100vw, 760px\" \/><\/a><\/p>\n<p align=\"center\">\n","protected":false},"excerpt":{"rendered":"<p>Exaedro Arquitectura y Urbanismo S.A.S. Fundada en 1993 por Juana Isabel Gonz\u00e1lez y Jos\u00e9 Fernando \u00c1ngel arquitectos; se ha dedicado a la promoci\u00f3n de proyectos inmobiliarios,\u00a0 a la consultor\u00eda urban\u00edstica y al dise\u00f1o arquitect\u00f3nico y urbano. Hoy su equipo humano con m\u00e1s de 35 a\u00f1os de experiencia se ha fortalecido tambi\u00e9n en proyectos de obra &hellip; <\/p>\n<p class=\"link-more\"><a href=\"https:\/\/www.exaedroarquitectura.com\/?page_id=9\" class=\"more-link\">Continue reading<span class=\"screen-reader-text\"> \u00abPresentaci\u00f3n\u00bb<\/span><\/a><\/p>\n","protected":false},"author":1,"featured_media":0,"parent":0,"menu_order":1,"comment_status":"closed","ping_status":"closed","template":"","meta":{"footnotes":""},"class_list":["post-9","page","type-page","status-publish","hentry"],"_links":{"self":[{"href":"https:\/\/www.exaedroarquitectura.com\/index.php?rest_route=\/wp\/v2\/pages\/9","targetHints":{"allow":["GET"]}}],"collection":[{"href":"https:\/\/www.exaedroarquitectura.com\/index.php?rest_route=\/wp\/v2\/pages"}],"about":[{"href":"https:\/\/www.exaedroarquitectura.com\/index.php?rest_route=\/wp\/v2\/types\/page"}],"author":[{"embeddable":true,"href":"https:\/\/www.exaedroarquitectura.com\/index.php?rest_route=\/wp\/v2\/users\/1"}],"replies":[{"embeddable":true,"href":"https:\/\/www.exaedroarquitectura.com\/index.php?rest_route=%2Fwp%2Fv2%2Fcomments&post=9"}],"version-history":[{"count":31,"href":"https:\/\/www.exaedroarquitectura.com\/index.php?rest_route=\/wp\/v2\/pages\/9\/revisions"}],"predecessor-version":[{"id":2035,"href":"https:\/\/www.exaedroarquitectura.com\/index.php?rest_route=\/wp\/v2\/pages\/9\/revisions\/2035"}],"wp:attachment":[{"href":"https:\/\/www.exaedroarquitectura.com\/index.php?rest_route=%2Fwp%2Fv2%2Fmedia&parent=9"}],"curies":[{"name":"wp","href":"https:\/\/api.w.org\/{rel}","templated":true}]}}